{"id":998,"date":"2015-09-02T01:17:41","date_gmt":"2015-09-02T01:17:41","guid":{"rendered":"https:\/\/oucbh.indisciplinar.com\/?page_id=998"},"modified":"2017-03-22T17:54:58","modified_gmt":"2017-03-22T17:54:58","slug":"operacao-urbana-consorciada-antonio-carlos-pedro-i-leste","status":"publish","type":"page","link":"https:\/\/oucbh.indisciplinar.com\/?page_id=998","title":{"rendered":"Opera\u00e7\u00e3o Urbana Consorciada Ant\u00f4nio Carlos \/ Pedro I + Leste Oeste"},"content":{"rendered":"<p>[et_pb_section][et_pb_row][et_pb_column type=&#8221;4_4&#8243;][et_pb_image admin_label=&#8221;Image&#8221; src=&#8221;https:\/\/oucbh.indisciplinar.com\/wp-content\/uploads\/2015\/09\/novabh-sem-coxinha2.png&#8221; show_in_lightbox=&#8221;off&#8221; url_new_window=&#8221;off&#8221; animation=&#8221;off&#8221; sticky=&#8221;off&#8221; \/][et_pb_text admin_label=&#8221;Text&#8221; background_layout=&#8221;light&#8221; text_orientation=&#8221;left&#8221;]<\/p>\n<p style=\"text-align: justify;\">Ap\u00f3s a constata\u00e7\u00e3o da completa aus\u00eancia de participa\u00e7\u00e3o da popula\u00e7\u00e3o no processo da Opera\u00e7\u00e3o Urbana Nova BH, ilegalidade praticada pelo Executivo Municpal que ficou explicita atrav\u00e9s da A\u00e7\u00e3o P\u00fablica ajuizadas pelo Minist\u00e9rio P\u00fablico e que impediu que o prefeito levasse adiante seus planos de executar mais uma parceria p\u00fablico-privada a partir de interesses de tr\u00eas grandes construtoras diretamente envolvidas no projeto \u2014 Barbosa Melo, Andrade Gutierrez e Odebrecht, no final de 2014 a Prefeitura retomou o projeto, agora com novo nome: a Opera\u00e7\u00e3o Urbana Consorciada Ant\u00f4nio Carlos Leste-Oeste: OUC ACLO.<\/p>\n<p style=\"text-align: justify;\">Para colocar fim \u00e0 referida a\u00e7\u00e3o judicial proposta pelo Minist\u00e9rio P\u00fablico, foi realizado um acordo entre as partes no processo (Minist\u00e9rio P\u00fablico e Prefeitura), no qual a Administra\u00e7\u00e3o Municipal assumiu diversas obriga\u00e7\u00f5es para contornar as irregularidades da OUC Nova BH, especialmente quanto \u00e0 falta de participa\u00e7\u00e3o da popula\u00e7\u00e3o e viola\u00e7\u00e3o do princ\u00edpio legal da gest\u00e3o democr\u00e1tica da cidade previsto na Contitui\u00e7\u00e3o Federal e no Estatuto da Cidade.<br \/>\nAs principais obriga\u00e7\u00f5es da prefeitura na condu\u00e7\u00e3o dessa &#8220;nova&#8221; opera\u00e7\u00e3o urbana s\u00e3o:<\/p>\n<p style=\"text-align: justify;\"><span style=\"color: #808080;\"><strong>1) submeter novamente o projeto ao Conselho Municipal de Pol\u00edticas Urbanas (COMPUR) e tornar ineficaz a decis\u00e3o anterior do \u00f3rg\u00e3o que aprovou os estudos da opera\u00e7\u00e3o e o plano urban\u00edstico apesar de recomenda\u00e7\u00e3o contr\u00e1ria do MP;<\/strong><\/span><\/p>\n<p style=\"text-align: justify;\"><span style=\"color: #808080;\"><strong>2) disponibilizar o plano urban\u00edstico e os estudos da opera\u00e7\u00e3o urbana (EIV e EVEF) da OUC Nova BH e da OUC ACLO, ap\u00f3s finalizados;<\/strong><\/span><\/p>\n<p style=\"text-align: justify;\"><span style=\"color: #808080;\"><strong>3) garantir a participa\u00e7\u00e3o popular na elabora\u00e7\u00e3o do Plano Urban\u00edstico da OUC ACLO, por meio de oficinas participativas e debates regionais, com car\u00e1ter de consulta p\u00fablica, nos quais as pessoas possam apresentar propostas, obje\u00e7\u00f5es, questionamentos;<\/strong><\/span><\/p>\n<p style=\"text-align: justify;\"><span style=\"color: #808080;\"><strong>4) realizar audi\u00eancias p\u00fablicas que devem abordar v\u00e1rios t\u00f3picos previstos no acordo pelo MP. Tais audi\u00eancias dever\u00e3o ser gravadas e filmadas, amplamente divulgadas com anteced\u00eancia m\u00ednima de 15 dias e ter posterior divulga\u00e7\u00e3o das propostas apresentadas pela popula\u00e7\u00e3o;<\/strong><\/span><\/p>\n<p style=\"text-align: justify;\"><span style=\"color: #808080;\"><strong>5) atendimento cont\u00ednuo de plant\u00e3o presencial e via internet \u00e0 qualquer pessoa interessada (tudo isso antes da conclus\u00e3o do plano urban\u00edstico da OUC ACLO e dos estudos de impacto);<\/strong><\/span><\/p>\n<p style=\"text-align: justify;\"><span style=\"color: #808080;\"><strong>6) obriga\u00e7\u00e3o de responder e divulgar na internet todos os questionamentos da sociedade civil;<\/strong><\/span><\/p>\n<p style=\"text-align: justify;\"><span style=\"color: #808080;\"><strong>7) obriga\u00e7\u00e3o de demonstrar ao Minist\u00e9rio P\u00fablico, a cada 2 meses, o cumprimento das medidas pactuadas; e outras obriga\u00e7\u00f5es que, caso n\u00e3o cumpridas, implica em crime de improbidade administrativa.<\/strong><\/span><\/p>\n<p style=\"text-align: justify;\">Esse acordo judicial significa um importante precedente na luta pelo exerc\u00edcio da democracia real e contou com papel decisivo do Grupo de Pesquisa Indisciplinar que foi quem elaborou a Representa\u00e7\u00e3o levada at\u00e9 o Minist\u00e9rio P\u00fablico a partir de copesquisa junto aos movimentos da cidade. As obriga\u00e7\u00f5es da Prefeitura previstas nesse acordo judicial firmado com o Minist\u00e9rio P\u00fablico s\u00e3o na verdade o m\u00ednimo necess\u00e1rio para possibilitar a participa\u00e7\u00e3o da popula\u00e7\u00e3o, o que n\u00e3o est\u00e1 de toda forma assegurado, sobretudo considerando os demandos e abusos j\u00e1 praticados pela atual administra\u00e7\u00e3o em benef\u00edcio de influentes parceiros privados e contra o bem comum.<\/p>\n<p>[\/et_pb_text][\/et_pb_column][\/et_pb_row][et_pb_row][et_pb_column type=&#8221;1_4&#8243;][et_pb_image admin_label=&#8221;Image&#8221; src=&#8221;https:\/\/oucbh.indisciplinar.com\/wp-content\/uploads\/2015\/09\/nova-bh4.png&#8221; show_in_lightbox=&#8221;off&#8221; url=&#8221;https:\/\/oucbh.indisciplinar.com\/?page_id=17&#8243; url_new_window=&#8221;off&#8221; animation=&#8221;off&#8221; sticky=&#8221;off&#8221; \/][\/et_pb_column][et_pb_column type=&#8221;1_4&#8243;][et_pb_image admin_label=&#8221;Image&#8221; src=&#8221;https:\/\/oucbh.indisciplinar.com\/wp-content\/uploads\/2015\/09\/aclo1.png&#8221; show_in_lightbox=&#8221;off&#8221; url=&#8221;https:\/\/oucbh.indisciplinar.com\/?page_id=21&#8243; url_new_window=&#8221;off&#8221; animation=&#8221;off&#8221; sticky=&#8221;off&#8221; \/][\/et_pb_column][et_pb_column type=&#8221;1_4&#8243;][et_pb_image admin_label=&#8221;Image&#8221; src=&#8221;https:\/\/oucbh.indisciplinar.com\/wp-content\/uploads\/2015\/09\/documentos1.png&#8221; show_in_lightbox=&#8221;off&#8221; url=&#8221;https:\/\/oucbh.indisciplinar.com\/?page_id=1060&#8243; url_new_window=&#8221;off&#8221; animation=&#8221;off&#8221; sticky=&#8221;off&#8221; \/][\/et_pb_column][et_pb_column type=&#8221;1_4&#8243;][et_pb_image admin_label=&#8221;Image&#8221; src=&#8221;https:\/\/oucbh.indisciplinar.com\/wp-content\/uploads\/2015\/09\/news1.png&#8221; show_in_lightbox=&#8221;off&#8221; url=&#8221;https:\/\/oucbh.indisciplinar.com\/?page_id=1096&#8243; url_new_window=&#8221;off&#8221; animation=&#8221;off&#8221; sticky=&#8221;off&#8221; \/][\/et_pb_column][\/et_pb_row][\/et_pb_section]<\/p>\n","protected":false},"excerpt":{"rendered":"<p>[et_pb_section][et_pb_row][et_pb_column type=&#8221;4_4&#8243;][et_pb_image admin_label=&#8221;Image&#8221; src=&#8221;https:\/\/oucbh.indisciplinar.com\/wp-content\/uploads\/2015\/09\/novabh-sem-coxinha2.png&#8221; show_in_lightbox=&#8221;off&#8221; url_new_window=&#8221;off&#8221; animation=&#8221;off&#8221; sticky=&#8221;off&#8221; \/][et_pb_text admin_label=&#8221;Text&#8221; background_layout=&#8221;light&#8221; text_orientation=&#8221;left&#8221;] Ap\u00f3s a constata\u00e7\u00e3o da completa aus\u00eancia de participa\u00e7\u00e3o da popula\u00e7\u00e3o no processo da Opera\u00e7\u00e3o Urbana Nova BH, ilegalidade praticada pelo Executivo Municpal que ficou explicita atrav\u00e9s da A\u00e7\u00e3o P\u00fablica ajuizadas pelo Minist\u00e9rio P\u00fablico e que impediu que o prefeito levasse adiante seus planos [&hellip;]<\/p>\n","protected":false},"author":1,"featured_media":0,"parent":0,"menu_order":0,"comment_status":"closed","ping_status":"closed","template":"","meta":{"_et_pb_use_builder":"on","_et_pb_old_content":"","_monsterinsights_skip_tracking":false,"_monsterinsights_sitenote_active":false,"_monsterinsights_sitenote_note":"","_monsterinsights_sitenote_category":0,"footnotes":""},"class_list":["post-998","page","type-page","status-publish","hentry"],"_links":{"self":[{"href":"https:\/\/oucbh.indisciplinar.com\/index.php?rest_route=\/wp\/v2\/pages\/998","targetHints":{"allow":["GET"]}}],"collection":[{"href":"https:\/\/oucbh.indisciplinar.com\/index.php?rest_route=\/wp\/v2\/pages"}],"about":[{"href":"https:\/\/oucbh.indisciplinar.com\/index.php?rest_route=\/wp\/v2\/types\/page"}],"author":[{"embeddable":true,"href":"https:\/\/oucbh.indisciplinar.com\/index.php?rest_route=\/wp\/v2\/users\/1"}],"replies":[{"embeddable":true,"href":"https:\/\/oucbh.indisciplinar.com\/index.php?rest_route=%2Fwp%2Fv2%2Fcomments&post=998"}],"version-history":[{"count":10,"href":"https:\/\/oucbh.indisciplinar.com\/index.php?rest_route=\/wp\/v2\/pages\/998\/revisions"}],"predecessor-version":[{"id":1343,"href":"https:\/\/oucbh.indisciplinar.com\/index.php?rest_route=\/wp\/v2\/pages\/998\/revisions\/1343"}],"wp:attachment":[{"href":"https:\/\/oucbh.indisciplinar.com\/index.php?rest_route=%2Fwp%2Fv2%2Fmedia&parent=998"}],"curies":[{"name":"wp","href":"https:\/\/api.w.org\/{rel}","templated":true}]}}