{"id":834,"date":"2015-09-02T01:31:36","date_gmt":"2015-09-02T01:31:36","guid":{"rendered":"https:\/\/oucbh.indisciplinar.com\/?page_id=834"},"modified":"2015-09-20T16:54:09","modified_gmt":"2015-09-20T16:54:09","slug":"isidoro","status":"publish","type":"page","link":"https:\/\/oucbh.indisciplinar.com\/?page_id=834","title":{"rendered":"Isidoro"},"content":{"rendered":"<p>[et_pb_section][et_pb_row][et_pb_column type=&#8221;4_4&#8243;][\/et_pb_column][\/et_pb_row][et_pb_row][et_pb_column type=&#8221;1_3&#8243;][et_pb_image admin_label=&#8221;Image&#8221; src=&#8221;https:\/\/oucbh.indisciplinar.com\/wp-content\/uploads\/2015\/09\/ou-isidoro1.png&#8221; show_in_lightbox=&#8221;off&#8221; url=&#8221;https:\/\/oucbh.indisciplinar.com\/?page_id=696&#8243; url_new_window=&#8221;off&#8221; animation=&#8221;left&#8221; sticky=&#8221;off&#8221; \/][\/et_pb_column][et_pb_column type=&#8221;1_3&#8243;][et_pb_image admin_label=&#8221;Image&#8221; src=&#8221;https:\/\/oucbh.indisciplinar.com\/wp-content\/uploads\/2015\/09\/izidora.png&#8221; show_in_lightbox=&#8221;off&#8221; url=&#8221;https:\/\/oucbh.indisciplinar.com\/?page_id=822&#8243; url_new_window=&#8221;off&#8221; animation=&#8221;left&#8221; sticky=&#8221;off&#8221; \/][\/et_pb_column][et_pb_column type=&#8221;1_3&#8243;][et_pb_image admin_label=&#8221;Image&#8221; src=&#8221;https:\/\/oucbh.indisciplinar.com\/wp-content\/uploads\/2015\/09\/news2.png&#8221; show_in_lightbox=&#8221;off&#8221; url=&#8221;https:\/\/oucbh.indisciplinar.com\/?page_id=1102&#8243; url_new_window=&#8221;off&#8221; animation=&#8221;left&#8221; sticky=&#8221;off&#8221; \/][\/et_pb_column][\/et_pb_row][\/et_pb_section]<\/p>\n","protected":false},"excerpt":{"rendered":"<p>[et_pb_section][et_pb_row][et_pb_column type=&#8221;4_4&#8243;][\/et_pb_column][\/et_pb_row][et_pb_row][et_pb_column type=&#8221;1_3&#8243;][et_pb_image admin_label=&#8221;Image&#8221; src=&#8221;https:\/\/oucbh.indisciplinar.com\/wp-content\/uploads\/2015\/09\/ou-isidoro1.png&#8221; show_in_lightbox=&#8221;off&#8221; url=&#8221;https:\/\/oucbh.indisciplinar.com\/?page_id=696&#8243; url_new_window=&#8221;off&#8221; animation=&#8221;left&#8221; sticky=&#8221;off&#8221; \/][\/et_pb_column][et_pb_column type=&#8221;1_3&#8243;][et_pb_image admin_label=&#8221;Image&#8221; src=&#8221;https:\/\/oucbh.indisciplinar.com\/wp-content\/uploads\/2015\/09\/izidora.png&#8221; show_in_lightbox=&#8221;off&#8221; url=&#8221;https:\/\/oucbh.indisciplinar.com\/?page_id=822&#8243; url_new_window=&#8221;off&#8221; animation=&#8221;left&#8221; sticky=&#8221;off&#8221; \/][\/et_pb_column][et_pb_column type=&#8221;1_3&#8243;][et_pb_image admin_label=&#8221;Image&#8221; src=&#8221;https:\/\/oucbh.indisciplinar.com\/wp-content\/uploads\/2015\/09\/news2.png&#8221; show_in_lightbox=&#8221;off&#8221; url=&#8221;https:\/\/oucbh.indisciplinar.com\/?page_id=1102&#8243; url_new_window=&#8221;off&#8221; animation=&#8221;left&#8221; sticky=&#8221;off&#8221; \/][\/et_pb_column][\/et_pb_row][\/et_pb_section]<\/p>\n","protected":false},"author":1,"featured_media":0,"parent":0,"menu_order":0,"comment_status":"open","ping_status":"open","template":"","meta":{"_et_pb_use_builder":"on","_et_pb_old_content":"<p>\u00a0<\/p><p>\u00a0<\/p><p>\u00a0<\/p><p><a href=\"https:\/\/oucbh.indisciplinar.com\/wp-content\/uploads\/2015\/06\/Apresenta\u00e7\u00e3o-sem-t\u00edtulo-14.jpg\"><br \/> <\/a><a href=\"https:\/\/oucbh.indisciplinar.com\/wp-content\/uploads\/2015\/06\/Apresenta\u00e7\u00e3o-sem-t\u00edtulo-13.jpg\"><br \/> <\/a><a href=\"https:\/\/oucbh.indisciplinar.com\/wp-content\/uploads\/2015\/06\/Apresenta\u00e7\u00e3o-sem-t\u00edtulo-12.jpg\"><br \/> <\/a><a href=\"https:\/\/oucbh.indisciplinar.com\/wp-content\/uploads\/2015\/06\/Apresenta\u00e7\u00e3o-sem-t\u00edtulo-11.jpg\"><br \/> <\/a><a href=\"https:\/\/oucbh.indisciplinar.com\/wp-content\/uploads\/2015\/06\/Apresenta\u00e7\u00e3o-sem-t\u00edtulo-10.jpg\"><br \/> <\/a><a href=\"https:\/\/oucbh.indisciplinar.com\/wp-content\/uploads\/2015\/06\/Apresenta\u00e7\u00e3o-sem-t\u00edtulo-9.jpg\"><br \/> <\/a><a href=\"https:\/\/oucbh.indisciplinar.com\/wp-content\/uploads\/2015\/06\/Apresenta\u00e7\u00e3o-sem-t\u00edtulo-8.jpg\"><br \/> <\/a><a href=\"https:\/\/oucbh.indisciplinar.com\/wp-content\/uploads\/2015\/06\/Apresenta\u00e7\u00e3o-sem-t\u00edtulo-7.jpg\"><br \/> <\/a><a href=\"https:\/\/oucbh.indisciplinar.com\/wp-content\/uploads\/2015\/06\/Apresenta\u00e7\u00e3o-sem-t\u00edtulo-1.png\"><br \/> <\/a><a href=\"https:\/\/oucbh.indisciplinar.com\/wp-content\/uploads\/2015\/06\/Apresenta\u00e7\u00e3o-sem-t\u00edtulo-6.jpg\"><br \/> <\/a><a href=\"https:\/\/oucbh.indisciplinar.com\/wp-content\/uploads\/2015\/06\/Apresenta\u00e7\u00e3o-sem-t\u00edtulo-5.jpg\"><br \/> <\/a><a href=\"https:\/\/oucbh.indisciplinar.com\/wp-content\/uploads\/2015\/06\/Apresenta\u00e7\u00e3o-sem-t\u00edtulo-4.jpg\"><br \/> <\/a><a href=\"https:\/\/oucbh.indisciplinar.com\/wp-content\/uploads\/2015\/06\/Apresenta\u00e7\u00e3o-sem-t\u00edtulo-2.jpg\"><br \/> <\/a><a href=\"https:\/\/oucbh.indisciplinar.com\/wp-content\/uploads\/2015\/06\/Apresenta\u00e7\u00e3o-sem-t\u00edtulo-110.jpg\"><br \/> <\/a><a href=\"https:\/\/oucbh.indisciplinar.com\/wp-content\/uploads\/2015\/06\/Apresenta\u00e7\u00e3o-sem-t\u00edtulo.jpg\"><br \/> <\/a><\/p><p>\u00a0<\/p>","_monsterinsights_skip_tracking":false,"_monsterinsights_sitenote_active":false,"_monsterinsights_sitenote_note":"","_monsterinsights_sitenote_category":0,"footnotes":""},"class_list":["post-834","page","type-page","status-publish","hentry"],"_links":{"self":[{"href":"https:\/\/oucbh.indisciplinar.com\/index.php?rest_route=\/wp\/v2\/pages\/834","targetHints":{"allow":["GET"]}}],"collection":[{"href":"https:\/\/oucbh.indisciplinar.com\/index.php?rest_route=\/wp\/v2\/pages"}],"about":[{"href":"https:\/\/oucbh.indisciplinar.com\/index.php?rest_route=\/wp\/v2\/types\/page"}],"author":[{"embeddable":true,"href":"https:\/\/oucbh.indisciplinar.com\/index.php?rest_route=\/wp\/v2\/users\/1"}],"replies":[{"embeddable":true,"href":"https:\/\/oucbh.indisciplinar.com\/index.php?rest_route=%2Fwp%2Fv2%2Fcomments&post=834"}],"version-history":[{"count":7,"href":"https:\/\/oucbh.indisciplinar.com\/index.php?rest_route=\/wp\/v2\/pages\/834\/revisions"}],"predecessor-version":[{"id":1112,"href":"https:\/\/oucbh.indisciplinar.com\/index.php?rest_route=\/wp\/v2\/pages\/834\/revisions\/1112"}],"wp:attachment":[{"href":"https:\/\/oucbh.indisciplinar.com\/index.php?rest_route=%2Fwp%2Fv2%2Fmedia&parent=834"}],"curies":[{"name":"wp","href":"https:\/\/api.w.org\/{rel}","templated":true}]}}