{"id":822,"date":"2015-06-22T18:07:53","date_gmt":"2015-06-22T18:07:53","guid":{"rendered":"https:\/\/oucbh.indisciplinar.com\/?page_id=822"},"modified":"2015-09-20T16:53:01","modified_gmt":"2015-09-20T16:53:01","slug":"noticias-izidora","status":"publish","type":"page","link":"https:\/\/oucbh.indisciplinar.com\/?page_id=822","title":{"rendered":"Izidora"},"content":{"rendered":"<p>[et_pb_section][et_pb_row][et_pb_column type=&#8221;4_4&#8243;][et_pb_image admin_label=&#8221;Image&#8221; src=&#8221;https:\/\/oucbh.indisciplinar.com\/wp-content\/uploads\/2015\/06\/grade-izidora1.png&#8221; show_in_lightbox=&#8221;off&#8221; url_new_window=&#8221;off&#8221; animation=&#8221;off&#8221; sticky=&#8221;off&#8221; \/][et_pb_text admin_label=&#8221;Text&#8221; background_layout=&#8221;light&#8221; text_orientation=&#8221;left&#8221;]<\/p>\n<p style=\"text-align: justify;\">A luta da Izidora, enquanto insurg\u00eancia contra o Estado-Capital, \u00e9 uma das lutas acompanhadas pelo grupo de pesquisa da UFMG Indisciplinar, que possui duas grandes frentes de atua\u00e7\u00e3o junto \u00e0s ocupa\u00e7\u00f5es: auxilia na luta por moradia digna, sendo parte integrante da rede de apoiadores e da Mesa de Negocia\u00e7\u00e3o de Conflitos Fundi\u00e1rios com o Estado de Minas Gerais; e observa, monitora e denuncia irregularidades jur\u00eddicas e urban\u00edsticas das opera\u00e7\u00f5es urbanas. O grupo compreende que as Parcerias P\u00fablico Privadas (PPPs) s\u00e3o dispositivos de expropria\u00e7\u00e3o do comum, caracter\u00edsticos do urbanismo neoliberal, e as Opera\u00e7\u00f5es Urbanas, sua face mais ativa nas atuais metr\u00f3poles biopol\u00edticas.<\/p>\n<p>[\/et_pb_text][\/et_pb_column][\/et_pb_row][et_pb_row][et_pb_column type=&#8221;4_4&#8243;][\/et_pb_column][\/et_pb_row][\/et_pb_section]<\/p>\n","protected":false},"excerpt":{"rendered":"<p>[et_pb_section][et_pb_row][et_pb_column type=&#8221;4_4&#8243;][et_pb_image admin_label=&#8221;Image&#8221; src=&#8221;https:\/\/oucbh.indisciplinar.com\/wp-content\/uploads\/2015\/06\/grade-izidora1.png&#8221; show_in_lightbox=&#8221;off&#8221; url_new_window=&#8221;off&#8221; animation=&#8221;off&#8221; sticky=&#8221;off&#8221; \/][et_pb_text admin_label=&#8221;Text&#8221; background_layout=&#8221;light&#8221; text_orientation=&#8221;left&#8221;] A luta da Izidora, enquanto insurg\u00eancia contra o Estado-Capital, \u00e9 uma das lutas acompanhadas pelo grupo de pesquisa da UFMG Indisciplinar, que possui duas grandes frentes de atua\u00e7\u00e3o junto \u00e0s ocupa\u00e7\u00f5es: auxilia na luta por moradia digna, sendo parte integrante da rede de [&hellip;]<\/p>\n","protected":false},"author":1,"featured_media":0,"parent":0,"menu_order":0,"comment_status":"open","ping_status":"open","template":"","meta":{"_et_pb_use_builder":"on","_et_pb_old_content":"","_monsterinsights_skip_tracking":false,"_monsterinsights_sitenote_active":false,"_monsterinsights_sitenote_note":"","_monsterinsights_sitenote_category":0,"footnotes":""},"class_list":["post-822","page","type-page","status-publish","hentry"],"_links":{"self":[{"href":"https:\/\/oucbh.indisciplinar.com\/index.php?rest_route=\/wp\/v2\/pages\/822","targetHints":{"allow":["GET"]}}],"collection":[{"href":"https:\/\/oucbh.indisciplinar.com\/index.php?rest_route=\/wp\/v2\/pages"}],"about":[{"href":"https:\/\/oucbh.indisciplinar.com\/index.php?rest_route=\/wp\/v2\/types\/page"}],"author":[{"embeddable":true,"href":"https:\/\/oucbh.indisciplinar.com\/index.php?rest_route=\/wp\/v2\/users\/1"}],"replies":[{"embeddable":true,"href":"https:\/\/oucbh.indisciplinar.com\/index.php?rest_route=%2Fwp%2Fv2%2Fcomments&post=822"}],"version-history":[{"count":10,"href":"https:\/\/oucbh.indisciplinar.com\/index.php?rest_route=\/wp\/v2\/pages\/822\/revisions"}],"predecessor-version":[{"id":1110,"href":"https:\/\/oucbh.indisciplinar.com\/index.php?rest_route=\/wp\/v2\/pages\/822\/revisions\/1110"}],"wp:attachment":[{"href":"https:\/\/oucbh.indisciplinar.com\/index.php?rest_route=%2Fwp%2Fv2%2Fmedia&parent=822"}],"curies":[{"name":"wp","href":"https:\/\/api.w.org\/{rel}","templated":true}]}}