{"id":50,"date":"2015-02-12T13:16:30","date_gmt":"2015-02-12T13:16:30","guid":{"rendered":"https:\/\/oucbh.indisciplinar.com\/?page_id=50"},"modified":"2017-03-22T17:45:37","modified_gmt":"2017-03-22T17:45:37","slug":"home","status":"publish","type":"page","link":"https:\/\/oucbh.indisciplinar.com\/","title":{"rendered":"HOME"},"content":{"rendered":"<p>[et_pb_section][et_pb_row][et_pb_column type=&#8221;4_4&#8243;][et_pb_text admin_label=&#8221;Text&#8221; background_layout=&#8221;light&#8221; text_orientation=&#8221;left&#8221;]<\/p>\n<p style=\"text-align: justify;\">O<strong> oucbh.indisciplinar<\/strong> tem como objetivo reunir e publicar o que tem sido investigado e produzido sobre Opera\u00e7\u00f5es Urbanas pelo grupo de Pesquisa Indisciplinar \u2013 EA\/UFMG, parceiros e alunos. O grupo compreende que as Parcerias P\u00fablico Privadas (PPPs) s\u00e3o dispositivos de expropria\u00e7\u00e3o do comum, caracter\u00edstico do urbanismo neoliberal, e as Opera\u00e7\u00f5es Urbanas sua face mais ativa nas atuais metr\u00f3poles biopol\u00edticas.<\/p>\n<p style=\"text-align: justify;\">No Brasil, o instrumento das Opera\u00e7\u00f5es Urbanas Consorciadas (OUC), viabilizadas atrav\u00e9s de PPPs, foi criado pelo Estatuto da Cidade (Lei n\u00ba 10.257\/01) em 2001. Esse instrumento permite flexibiliza\u00e7\u00f5es pontuais na legisla\u00e7\u00e3o urban\u00edstica municipal e possibilitam o financiamento de interven\u00e7\u00f5es p\u00fablicas com capital privado. Na pr\u00e1tica, as OUC s\u00e3o reguladas por leis e conselhos municipais, que est\u00e3o sujeitos ao jogo de for\u00e7as sociais, pol\u00edticas e econ\u00f4micas locais. Observa-se que as Opera\u00e7\u00f5es t\u00eam viabilizado a conquista elitista da cidade, por meio de empreendimentos particulares realizados \u00e0 custa de investimentos p\u00fablicos e\u00a0processos de gentrifica\u00e7\u00e3o. Frente a isso, faz-se necess\u00e1ria uma leitura cr\u00edtica sobre as OUCs, que considere n\u00e3o somente aspectos t\u00e9cnicos, como tamb\u00e9m interesses pol\u00edticos, econ\u00f4micos, culturais e sociais envolvidos (e exclu\u00eddos) do processo.<\/p>\n<p style=\"text-align: justify;\">Atualmente o grupo Indisciplinar investiga as duas principais Opera\u00e7\u00f5es Urbanas da cidade, a <strong>OUC Ant\u00f4nio Carlos Pedro I + Leste Oeste (ACLO)<\/strong> e a <strong>OUS Isidoro<\/strong> e tamb\u00e9m os processos adjacentes que se desenvolvem no territ\u00f3rio e est\u00e3o imbricados \u00e0 essas opera\u00e7\u00f5es.<\/p>\n<p style=\"text-align: justify;\">Para mais informa\u00e7\u00f5es sobre Opera\u00e7\u00f5es Urbanas em Belo Horizonte, acesse:<\/p>\n<p style=\"text-align: justify;\">\n<p style=\"text-align: justify;\">\n<p>[\/et_pb_text][\/et_pb_column][\/et_pb_row][et_pb_row][et_pb_column type=&#8221;1_3&#8243;][et_pb_image admin_label=&#8221;Image&#8221; src=&#8221;https:\/\/oucbh.indisciplinar.com\/wp-content\/uploads\/2015\/02\/nova-bh-aclo.png&#8221; show_in_lightbox=&#8221;off&#8221; url_new_window=&#8221;off&#8221; animation=&#8221;off&#8221; sticky=&#8221;off&#8221; url=&#8221;https:\/\/oucbh.indisciplinar.com\/?page_id=998&#8243; \/][et_pb_image admin_label=&#8221;Image&#8221; src=&#8221;https:\/\/oucbh.indisciplinar.com\/wp-content\/uploads\/2015\/02\/Novo-pd-2.png&#8221; show_in_lightbox=&#8221;off&#8221; url_new_window=&#8221;off&#8221; animation=&#8221;off&#8221; sticky=&#8221;off&#8221; url=&#8221;https:\/\/oucbh.indisciplinar.com\/?page_id=1211&amp;preview_id=1211&amp;preview_nonce=e62d7858b2&amp;preview=true&#8221; \/][\/et_pb_column][et_pb_column type=&#8221;1_3&#8243;][et_pb_image admin_label=&#8221;Image&#8221; src=&#8221;https:\/\/oucbh.indisciplinar.com\/wp-content\/uploads\/2015\/02\/isidoro-izidora2.png&#8221; show_in_lightbox=&#8221;off&#8221; url_new_window=&#8221;off&#8221; animation=&#8221;off&#8221; sticky=&#8221;off&#8221; url=&#8221;https:\/\/oucbh.indisciplinar.com\/?page_id=834&#8243; \/][et_pb_image admin_label=&#8221;Image&#8221; src=&#8221;https:\/\/oucbh.indisciplinar.com\/wp-content\/uploads\/2015\/02\/ativs.png&#8221; show_in_lightbox=&#8221;off&#8221; url_new_window=&#8221;off&#8221; animation=&#8221;off&#8221; sticky=&#8221;off&#8221; url=&#8221;https:\/\/oucbh.indisciplinar.com\/?page_id=1214&#8243; \/][\/et_pb_column][et_pb_column type=&#8221;1_3&#8243;][et_pb_image admin_label=&#8221;Image&#8221; src=&#8221;https:\/\/oucbh.indisciplinar.com\/wp-content\/uploads\/2015\/02\/capitao-eduardo1.png&#8221; show_in_lightbox=&#8221;off&#8221; url_new_window=&#8221;off&#8221; animation=&#8221;off&#8221; sticky=&#8221;off&#8221; \/][et_pb_image admin_label=&#8221;Image&#8221; src=&#8221;https:\/\/oucbh.indisciplinar.com\/wp-content\/uploads\/2015\/02\/sante2.png&#8221; show_in_lightbox=&#8221;off&#8221; url=&#8221;https:\/\/oucbh.indisciplinar.com\/?page_id=1318&#8243; url_new_window=&#8221;off&#8221; animation=&#8221;off&#8221; sticky=&#8221;off&#8221; \/][\/et_pb_column][\/et_pb_row][\/et_pb_section]<\/p>\n","protected":false},"excerpt":{"rendered":"<p>[et_pb_section][et_pb_row][et_pb_column type=&#8221;4_4&#8243;][et_pb_text admin_label=&#8221;Text&#8221; background_layout=&#8221;light&#8221; text_orientation=&#8221;left&#8221;] O oucbh.indisciplinar tem como objetivo reunir e publicar o que tem sido investigado e produzido sobre Opera\u00e7\u00f5es Urbanas pelo grupo de Pesquisa Indisciplinar \u2013 EA\/UFMG, parceiros e alunos. O grupo compreende que as Parcerias P\u00fablico Privadas (PPPs) s\u00e3o dispositivos de expropria\u00e7\u00e3o do comum, caracter\u00edstico do urbanismo neoliberal, e as Opera\u00e7\u00f5es [&hellip;]<\/p>\n","protected":false},"author":1,"featured_media":0,"parent":0,"menu_order":0,"comment_status":"open","ping_status":"open","template":"","meta":{"_et_pb_use_builder":"on","_et_pb_old_content":"","_monsterinsights_skip_tracking":false,"_monsterinsights_sitenote_active":false,"_monsterinsights_sitenote_note":"","_monsterinsights_sitenote_category":0,"footnotes":""},"class_list":["post-50","page","type-page","status-publish","hentry"],"_links":{"self":[{"href":"https:\/\/oucbh.indisciplinar.com\/index.php?rest_route=\/wp\/v2\/pages\/50","targetHints":{"allow":["GET"]}}],"collection":[{"href":"https:\/\/oucbh.indisciplinar.com\/index.php?rest_route=\/wp\/v2\/pages"}],"about":[{"href":"https:\/\/oucbh.indisciplinar.com\/index.php?rest_route=\/wp\/v2\/types\/page"}],"author":[{"embeddable":true,"href":"https:\/\/oucbh.indisciplinar.com\/index.php?rest_route=\/wp\/v2\/users\/1"}],"replies":[{"embeddable":true,"href":"https:\/\/oucbh.indisciplinar.com\/index.php?rest_route=%2Fwp%2Fv2%2Fcomments&post=50"}],"version-history":[{"count":9,"href":"https:\/\/oucbh.indisciplinar.com\/index.php?rest_route=\/wp\/v2\/pages\/50\/revisions"}],"predecessor-version":[{"id":1340,"href":"https:\/\/oucbh.indisciplinar.com\/index.php?rest_route=\/wp\/v2\/pages\/50\/revisions\/1340"}],"wp:attachment":[{"href":"https:\/\/oucbh.indisciplinar.com\/index.php?rest_route=%2Fwp%2Fv2%2Fmedia&parent=50"}],"curies":[{"name":"wp","href":"https:\/\/api.w.org\/{rel}","templated":true}]}}