{"id":1060,"date":"2015-09-18T00:14:54","date_gmt":"2015-09-18T00:14:54","guid":{"rendered":"https:\/\/oucbh.indisciplinar.com\/?page_id=1060"},"modified":"2016-06-08T20:42:39","modified_gmt":"2016-06-08T20:42:39","slug":"documentos-operacao-urbana-aclo","status":"publish","type":"page","link":"https:\/\/oucbh.indisciplinar.com\/?page_id=1060","title":{"rendered":"Documentos Opera\u00e7\u00e3o Urbana ACLO"},"content":{"rendered":"<p>[et_pb_section][et_pb_row][et_pb_column type=&#8221;4_4&#8243;][et_pb_text admin_label=&#8221;Text&#8221; background_layout=&#8221;light&#8221; text_orientation=&#8221;left&#8221;]<\/p>\n<h6><span style=\"color: #ff6600;\">Planos Urban\u00edsticos<\/span><\/h6>\n<p><span style=\"color: #000000;\"><a href=\"https:\/\/oucbh.indisciplinar.com\/wp-content\/uploads\/2015\/09\/plano-urban\u00edstico_site-1.pdf\">NovaBH &#8211; 2013<\/a><\/span><\/p>\n<p><a href=\"https:\/\/drive.google.com\/file\/d\/0B5a2jfQcsqLrbXFHcmtjQzBtM2s\/view\">OUC ACLO &#8211; 2014<\/a><\/p>\n<p><a href=\"https:\/\/oucbh.indisciplinar.com\/wp-content\/uploads\/2015\/09\/ouc_aclo_documento_publico_completo_abr15_web-1.pdf\">OUC ACLO &#8211; abril de 2015\u00a0<\/a><\/p>\n<p>&nbsp;<\/p>\n<h6><span style=\"color: #ff6600;\">Audi\u00eancias P\u00fablicas<\/span><\/h6>\n<p><a href=\"https:\/\/oucbh.indisciplinar.com\/?p=664\">LESTE &#8211; 14\/04\/2015<\/a><\/p>\n<p><a href=\"https:\/\/oucbh.indisciplinar.com\/?p=666\">OESTE &#8211; 15\/04\/2015<\/a><\/p>\n<p><a href=\"https:\/\/oucbh.indisciplinar.com\/?p=675\">Centro-Lagoinha\u00a0&#8211; 16\/04\/2015<\/a><\/p>\n<p><a href=\"https:\/\/oucbh.indisciplinar.com\/?p=677\">Ant\u00f4nio Carlos &#8211; 22\/04\/2015<\/a><\/p>\n<p><a href=\"https:\/\/oucbh.indisciplinar.com\/?p=707\">Pedro I &#8211; 23\/04\/2015<\/a><\/p>\n<p>&nbsp;<\/p>\n<h6><span style=\"color: #ff6600;\">Plano Urban\u00edstico_setembro 2015 +\u00a0Estudos de Impacto de Vizinhan\u00e7a<\/span><\/h6>\n<p><span style=\"color: #000000;\"><a href=\"https:\/\/oucbh.indisciplinar.com\/wp-content\/uploads\/2015\/09\/ACLO_EIV_PU_A3_texto_16-09-15.pdf\">Estudo de Impacto de Vizinhan\u00e7a (EIV)<\/a><\/span><\/p>\n<p><a href=\"https:\/\/oucbh.indisciplinar.com\/wp-content\/uploads\/2015\/09\/RELATORIO_DA_PESQUISA_DE_PERCEPCAO.pdf\">Relat\u00f3rio de Pesquisa de Percep\u00e7\u00e3o Ambiental<\/a><\/p>\n<p><a href=\"https:\/\/drive.google.com\/file\/d\/0B5a2jfQcsqLrT3dsR3RIVVg5WVE\/view?usp=sharing\">Caderno de Mapas<\/a><\/p>\n<p><a href=\"https:\/\/oucbh.indisciplinar.com\/?p=1307\">Parecer do COMPUR &#8211; EIV<\/a><\/p>\n<p>&nbsp;<\/p>\n<h6><span style=\"color: #ff6600;\">Grupo de Discuss\u00e3o de Instrumentos de\u00a0Gest\u00e3o<\/span><\/h6>\n<p><a href=\"https:\/\/oucbh.indisciplinar.com\/?p=452\">20\/01\/2015<\/a><\/p>\n<p><a href=\"https:\/\/oucbh.indisciplinar.com\/?p=454\">10\/02\/2015<\/a><\/p>\n<p><a href=\"https:\/\/oucbh.indisciplinar.com\/?p=491\">03\/03\/2015<\/a><\/p>\n<p><a href=\"https:\/\/oucbh.indisciplinar.com\/?p=512\">12\/03\/2015<\/a><\/p>\n<p><a href=\"https:\/\/oucbh.indisciplinar.com\/wp-content\/uploads\/2015\/09\/ACLO_EIV_PU_A3_texto_16-09-15.pdf\">14\/05\/2015<\/a><\/p>\n<p><a href=\"https:\/\/oucbh.indisciplinar.com\/wp-content\/uploads\/2015\/09\/relatorio_reuniao_28052015.pdf\">28\/05\/2015<\/a><\/p>\n<p><a href=\"https:\/\/oucbh.indisciplinar.com\/wp-content\/uploads\/2015\/09\/relatorio_reuniao_02_06_2015.pdf\">02\/06\/2015<\/a><\/p>\n<p>&nbsp;<\/p>\n<p>[\/et_pb_text][\/et_pb_column][\/et_pb_row][\/et_pb_section]<\/p>\n","protected":false},"excerpt":{"rendered":"<p>[et_pb_section][et_pb_row][et_pb_column type=&#8221;4_4&#8243;][et_pb_text admin_label=&#8221;Text&#8221; background_layout=&#8221;light&#8221; text_orientation=&#8221;left&#8221;] Planos Urban\u00edsticos NovaBH &#8211; 2013 OUC ACLO &#8211; 2014 OUC ACLO &#8211; abril de 2015\u00a0 &nbsp; Audi\u00eancias P\u00fablicas LESTE &#8211; 14\/04\/2015 OESTE &#8211; 15\/04\/2015 Centro-Lagoinha\u00a0&#8211; 16\/04\/2015 Ant\u00f4nio Carlos &#8211; 22\/04\/2015 Pedro I &#8211; 23\/04\/2015 &nbsp; Plano Urban\u00edstico_setembro 2015 +\u00a0Estudos de Impacto de Vizinhan\u00e7a Estudo de Impacto de Vizinhan\u00e7a (EIV) Relat\u00f3rio [&hellip;]<\/p>\n","protected":false},"author":1,"featured_media":0,"parent":0,"menu_order":0,"comment_status":"closed","ping_status":"closed","template":"","meta":{"_et_pb_use_builder":"on","_et_pb_old_content":"","_monsterinsights_skip_tracking":false,"_monsterinsights_sitenote_active":false,"_monsterinsights_sitenote_note":"","_monsterinsights_sitenote_category":0,"footnotes":""},"class_list":["post-1060","page","type-page","status-publish","hentry"],"_links":{"self":[{"href":"https:\/\/oucbh.indisciplinar.com\/index.php?rest_route=\/wp\/v2\/pages\/1060","targetHints":{"allow":["GET"]}}],"collection":[{"href":"https:\/\/oucbh.indisciplinar.com\/index.php?rest_route=\/wp\/v2\/pages"}],"about":[{"href":"https:\/\/oucbh.indisciplinar.com\/index.php?rest_route=\/wp\/v2\/types\/page"}],"author":[{"embeddable":true,"href":"https:\/\/oucbh.indisciplinar.com\/index.php?rest_route=\/wp\/v2\/users\/1"}],"replies":[{"embeddable":true,"href":"https:\/\/oucbh.indisciplinar.com\/index.php?rest_route=%2Fwp%2Fv2%2Fcomments&post=1060"}],"version-history":[{"count":7,"href":"https:\/\/oucbh.indisciplinar.com\/index.php?rest_route=\/wp\/v2\/pages\/1060\/revisions"}],"predecessor-version":[{"id":1310,"href":"https:\/\/oucbh.indisciplinar.com\/index.php?rest_route=\/wp\/v2\/pages\/1060\/revisions\/1310"}],"wp:attachment":[{"href":"https:\/\/oucbh.indisciplinar.com\/index.php?rest_route=%2Fwp%2Fv2%2Fmedia&parent=1060"}],"curies":[{"name":"wp","href":"https:\/\/api.w.org\/{rel}","templated":true}]}}